{"id":34,"date":"2024-08-15T18:19:09","date_gmt":"2024-08-15T16:19:09","guid":{"rendered":"https:\/\/wordpress.qa.desoter.eu\/?page_id=34"},"modified":"2024-08-15T21:25:44","modified_gmt":"2024-08-15T19:25:44","slug":"about-me","status":"publish","type":"page","link":"https:\/\/desoter.it\/it\/about-me\/","title":{"rendered":"Su di me"},"content":{"rendered":"<p>Ciao, sono Alessandro. Lavoro nel settore IT e lo faccio da 10 anni.<\/p>\n\n\n\n<p>Uno dei miei hobby \u00e8...beh, sviluppare e quando mi rimane abbastanza energia dal mio lavoro principale, mi cimento con alcuni progetti. Le app mobile mi hanno sempre affascinato, sia per la possibilit\u00e0 di raggiungere molte persone che per la loro facilit\u00e0 d'uso; ho iniziato a usare le app di Bada (sistema operativo di Samsung) e, sebbene fossero qualcosa di molto diverso rispetto a quello che conosciamo ora, sono rimasto stupito. Android \u00e8 stato un punto di svolta per il mondo dei cellulari e l'ho abbracciato appieno, cercando di imparare e tenermi aggiornato: non \u00e8 stato facile ma ci ho dedicato molte ore.<\/p>\n\n\n\n<p>Quando Kotlin \u00e8 stato ufficialmente supportato da Google per la piattaforma Android, ho colto l'occasione per ricominciare da capo nel mondo dello sviluppo mobile. Dopo averci preso dimestichezza, ho iniziato a lavorare sull'app Waretor con un ritmo lento ma costante.<\/p>\n\n\n\n<p>In questi ultimi anni mi sono imbattuto in molte domande e non cos\u00ec tante risposte su cosa dovrebbe essere la tecnologia per le persone che la usano. Sto parlando di software e protocolli open source, diritto alla riparazione dell'hardware, sostenibilit\u00e0 e oligarchia delle grandi aziende tecnologiche. Questo mi ha portato a scoprire cos\u00ec tante cose e persone interessanti che vorrei spargerne la voce. <\/p>\n\n\n\n<p>Naturalmente questi nuovi punti di vista mi hanno fatto mettere in discussione il modo di vivere e di fare le cose nel mondo tecnologico; ho smarcato alcune cose ma per molte altre avr\u00f2 bisogno di pensarci pi\u00f9 a lungo e con pi\u00f9 attenzione.<\/p>\n\n\n\n<p>E per concludere questa panoramica di me stesso, un elenco non esaustivo di concetti, progetti, aziende e altro che il mondo dovrebbe conoscere:<\/p>\n\n\n\n<ul class=\"wp-block-list\">\n<li><a href=\"https:\/\/it.wikipedia.org\/wiki\/Fediverso\" data-type=\"link\" data-id=\"https:\/\/en.wikipedia.org\/wiki\/Fediverse\" target=\"_blank\" rel=\"noreferrer noopener\">Fediverso<\/a><\/li>\n\n\n\n<li><a href=\"https:\/\/it.wikipedia.org\/wiki\/Matrix_(protocollo)\" data-type=\"link\" data-id=\"https:\/\/en.wikipedia.org\/wiki\/Matrix_(protocol)\" target=\"_blank\" rel=\"noreferrer noopener\">Matrix (protocollo di comunicazione)<\/a><\/li>\n\n\n\n<li><a href=\"https:\/\/www.openstreetmap.org\/\" data-type=\"link\" data-id=\"https:\/\/www.openstreetmap.org\/\" target=\"_blank\" rel=\"noreferrer noopener\">OpenStreetMap<\/a><\/li>\n\n\n\n<li><a href=\"https:\/\/it.wikipedia.org\/wiki\/Berkeley_Open_Infrastructure_for_Network_Computing\" data-type=\"link\" data-id=\"https:\/\/en.wikipedia.org\/wiki\/Berkeley_Open_Infrastructure_for_Network_Computing\" target=\"_blank\" rel=\"noreferrer noopener\">BOINC<\/a><\/li>\n\n\n\n<li><a href=\"https:\/\/archive.org\/\" data-type=\"link\" data-id=\"https:\/\/archive.org\/\" target=\"_blank\" rel=\"noreferrer noopener\">Internet Archive<\/a><\/li>\n\n\n\n<li><a href=\"https:\/\/www.softwareheritage.org\/\" data-type=\"link\" data-id=\"https:\/\/www.softwareheritage.org\/\" target=\"_blank\" rel=\"noreferrer noopener\">Software Heritage<\/a><\/li>\n\n\n\n<li><a href=\"https:\/\/www.ifixit.com\/\" data-type=\"link\" data-id=\"https:\/\/www.ifixit.com\/\" target=\"_blank\" rel=\"noreferrer noopener\">iFixit<\/a><\/li>\n\n\n\n<li><a href=\"https:\/\/ente.io\/\" data-type=\"link\" data-id=\"https:\/\/ente.io\/\" target=\"_blank\" rel=\"noreferrer noopener\">Ente <\/a><\/li>\n\n\n\n<li><a href=\"https:\/\/proton.me\/\" target=\"_blank\" rel=\"noreferrer noopener\">Proton<\/a><\/li>\n\n\n\n<li><a href=\"https:\/\/fairphone.com\" data-type=\"link\" data-id=\"https:\/\/fairphone.com\" target=\"_blank\" rel=\"noreferrer noopener\">Fairphone<\/a><\/li>\n\n\n\n<li><a href=\"https:\/\/frame.work\" target=\"_blank\" rel=\"noreferrer noopener\">Framework<\/a><\/li>\n<\/ul>\n\n\n\n<p><\/p>","protected":false},"excerpt":{"rendered":"<p>Hello, I&#8217;m Alessandro. I work in the IT industry and I&#8217;ve been doing so in the past 10 years. One of my hobbies is&#8230;well, developing and when I have enough energy spared from my main job I work on some projects. Mobile apps have always fascinated me, both for the possibility to reach many people [&hellip;]<\/p>\n","protected":false},"author":1,"featured_media":0,"parent":0,"menu_order":0,"comment_status":"closed","ping_status":"closed","template":"","meta":{"footnotes":""},"class_list":["post-34","page","type-page","status-publish","hentry"],"_links":{"self":[{"href":"https:\/\/desoter.it\/it\/wp-json\/wp\/v2\/pages\/34","targetHints":{"allow":["GET"]}}],"collection":[{"href":"https:\/\/desoter.it\/it\/wp-json\/wp\/v2\/pages"}],"about":[{"href":"https:\/\/desoter.it\/it\/wp-json\/wp\/v2\/types\/page"}],"author":[{"embeddable":true,"href":"https:\/\/desoter.it\/it\/wp-json\/wp\/v2\/users\/1"}],"replies":[{"embeddable":true,"href":"https:\/\/desoter.it\/it\/wp-json\/wp\/v2\/comments?post=34"}],"version-history":[{"count":6,"href":"https:\/\/desoter.it\/it\/wp-json\/wp\/v2\/pages\/34\/revisions"}],"predecessor-version":[{"id":48,"href":"https:\/\/desoter.it\/it\/wp-json\/wp\/v2\/pages\/34\/revisions\/48"}],"wp:attachment":[{"href":"https:\/\/desoter.it\/it\/wp-json\/wp\/v2\/media?parent=34"}],"curies":[{"name":"wp","href":"https:\/\/api.w.org\/{rel}","templated":true}]}}