{"id":51,"date":"2024-08-16T22:42:59","date_gmt":"2024-08-16T20:42:59","guid":{"rendered":"https:\/\/wordpress.qa.desoter.eu\/?page_id=51"},"modified":"2026-02-20T01:30:32","modified_gmt":"2026-02-20T00:30:32","slug":"waretor","status":"publish","type":"page","link":"https:\/\/desoter.it\/it\/waretor\/","title":{"rendered":"Waretor"},"content":{"rendered":"<p>Un app Android per gestire il magazzino della tua azienda (o la tua casa). Permette di tracciare vendite, scorte, ci\u00f2 che sta per scadere e ci\u00f2 che deve essere acquistato. Offre inoltre alcuni spunti sulla tua attivit\u00e0 grazie alla sezione delle statistiche.<\/p>\n\n\n\n<h2 class=\"wp-block-heading\">Note di Rilascio<\/h2>\n\n\n\n<p><a href=\"https:\/\/desoter.it\/it\/waretor-release-notes\/\" data-type=\"page\" data-id=\"59\">Note di Rilascio di Waretor<\/a><\/p>\n\n\n\n<h2 class=\"wp-block-heading\" id=\"privacy-policy\">Informativa sulla Privacy<\/h2>\n\n\n\n<p><a href=\"https:\/\/desoter.it\/it\/waretor-privacy-policy\/\" data-type=\"page\" data-id=\"2\">Informativa sulla Privacy di Waretor<\/a><\/p>\n\n\n\n<h2 class=\"wp-block-heading\" id=\"account-deletion\">Cancellazione dell'Account<\/h2>\n\n\n\n<p><a href=\"https:\/\/desoter.it\/it\/waretor\/waretor-user-guide\/#delete-your-account\" data-type=\"page\" data-id=\"75\">Cancella il tuo account<\/a><\/p>\n\n\n\n<h2 class=\"wp-block-heading\">Guida Utente<\/h2>\n\n\n\n<p><a href=\"https:\/\/desoter.it\/it\/waretor\/waretor-user-guide\/\" data-type=\"page\" data-id=\"75\">Guida Utente di Waretor<\/a><\/p>\n\n\n\n<p><\/p>","protected":false},"excerpt":{"rendered":"<p>An Android app to manage the warehouse of your company (or your home). It allows tracking sells, stocks, what is about to expire and what needs to be bought. It also offers some insights into your business thanks to the statistics section. Release Notes Waretor\u2019s Release Notes Privacy Policy Waretor\u2019s Privacy Policy Account Deletion Delete [&hellip;]<\/p>\n","protected":false},"author":1,"featured_media":0,"parent":0,"menu_order":0,"comment_status":"closed","ping_status":"closed","template":"","meta":{"footnotes":""},"class_list":["post-51","page","type-page","status-publish","hentry"],"_links":{"self":[{"href":"https:\/\/desoter.it\/it\/wp-json\/wp\/v2\/pages\/51","targetHints":{"allow":["GET"]}}],"collection":[{"href":"https:\/\/desoter.it\/it\/wp-json\/wp\/v2\/pages"}],"about":[{"href":"https:\/\/desoter.it\/it\/wp-json\/wp\/v2\/types\/page"}],"author":[{"embeddable":true,"href":"https:\/\/desoter.it\/it\/wp-json\/wp\/v2\/users\/1"}],"replies":[{"embeddable":true,"href":"https:\/\/desoter.it\/it\/wp-json\/wp\/v2\/comments?post=51"}],"version-history":[{"count":9,"href":"https:\/\/desoter.it\/it\/wp-json\/wp\/v2\/pages\/51\/revisions"}],"predecessor-version":[{"id":185,"href":"https:\/\/desoter.it\/it\/wp-json\/wp\/v2\/pages\/51\/revisions\/185"}],"wp:attachment":[{"href":"https:\/\/desoter.it\/it\/wp-json\/wp\/v2\/media?parent=51"}],"curies":[{"name":"wp","href":"https:\/\/api.w.org\/{rel}","templated":true}]}}