{"id":75,"date":"2024-08-26T17:55:18","date_gmt":"2024-08-26T15:55:18","guid":{"rendered":"https:\/\/wordpress.qa.desoter.eu\/?page_id=75"},"modified":"2026-03-14T22:02:59","modified_gmt":"2026-03-14T21:02:59","slug":"waretor-user-guide","status":"publish","type":"page","link":"https:\/\/desoter.it\/it\/waretor\/waretor-user-guide\/","title":{"rendered":"Waretor&#8217;s User Guide"},"content":{"rendered":"<div id=\"ez-toc-container\" class=\"ez-toc-v2_0_82_2 counter-hierarchy ez-toc-counter ez-toc-transparent ez-toc-container-direction\">\n<div class=\"ez-toc-title-container\">\n<p class=\"ez-toc-title ez-toc-toggle\" style=\"cursor:pointer\">Overview<\/p>\n<span class=\"ez-toc-title-toggle\"><a href=\"#\" class=\"ez-toc-pull-right ez-toc-btn ez-toc-btn-xs ez-toc-btn-default ez-toc-toggle\" aria-label=\"Toggle Table of Content\"><span class=\"ez-toc-js-icon-con\"><span class=\"\"><span class=\"eztoc-hide\" style=\"display:none;\">Toggle<\/span><span class=\"ez-toc-icon-toggle-span\"><svg style=\"fill: #999;color:#999\" xmlns=\"http:\/\/www.w3.org\/2000\/svg\" class=\"list-377408\" width=\"20px\" height=\"20px\" viewbox=\"0 0 24 24\" fill=\"none\"><path d=\"M6 6H4v2h2V6zm14 0H8v2h12V6zM4 11h2v2H4v-2zm16 0H8v2h12v-2zM4 16h2v2H4v-2zm16 0H8v2h12v-2z\" fill=\"currentColor\"><\/path><\/svg><svg style=\"fill: #999;color:#999\" class=\"arrow-unsorted-368013\" xmlns=\"http:\/\/www.w3.org\/2000\/svg\" width=\"10px\" height=\"10px\" viewbox=\"0 0 24 24\" version=\"1.2\" baseprofile=\"tiny\"><path d=\"M18.2 9.3l-6.2-6.3-6.2 6.3c-.2.2-.3.4-.3.7s.1.5.3.7c.2.2.4.3.7.3h11c.3 0 .5-.1.7-.3.2-.2.3-.5.3-.7s-.1-.5-.3-.7zM5.8 14.7l6.2 6.3 6.2-6.3c.2-.2.3-.5.3-.7s-.1-.5-.3-.7c-.2-.2-.4-.3-.7-.3h-11c-.3 0-.5.1-.7.3-.2.2-.3.5-.3.7s.1.5.3.7z\"\/><\/svg><\/span><\/span><\/span><\/a><\/span><\/div>\n<nav><ul class='ez-toc-list ez-toc-list-level-1 eztoc-toggle-hide-by-default' ><li class='ez-toc-page-1 ez-toc-heading-level-2'><a class=\"ez-toc-link ez-toc-heading-1\" href=\"https:\/\/desoter.it\/it\/waretor\/waretor-user-guide\/#App-overview\" >App overview<\/a><\/li><li class='ez-toc-page-1 ez-toc-heading-level-2'><a class=\"ez-toc-link ez-toc-heading-2\" href=\"https:\/\/desoter.it\/it\/waretor\/waretor-user-guide\/#Create-an-account\" >Create an account<\/a><\/li><li class='ez-toc-page-1 ez-toc-heading-level-2'><a class=\"ez-toc-link ez-toc-heading-3\" href=\"https:\/\/desoter.it\/it\/waretor\/waretor-user-guide\/#Create-your-company\" >Create your company<\/a><\/li><li class='ez-toc-page-1 ez-toc-heading-level-2'><a class=\"ez-toc-link ez-toc-heading-4\" href=\"https:\/\/desoter.it\/it\/waretor\/waretor-user-guide\/#Manage-your-company\" >Manage your company<\/a><\/li><li class='ez-toc-page-1 ez-toc-heading-level-2'><a class=\"ez-toc-link ez-toc-heading-5\" href=\"https:\/\/desoter.it\/it\/waretor\/waretor-user-guide\/#Retrieve-info-for-collaborators-registration\" >Retrieve info for collaborators registration<\/a><\/li><li class='ez-toc-page-1 ez-toc-heading-level-2'><a class=\"ez-toc-link ez-toc-heading-6\" href=\"https:\/\/desoter.it\/it\/waretor\/waretor-user-guide\/#Register-to-a-company\" >Register to a company<\/a><\/li><li class='ez-toc-page-1 ez-toc-heading-level-2'><a class=\"ez-toc-link ez-toc-heading-7\" href=\"https:\/\/desoter.it\/it\/waretor\/waretor-user-guide\/#Add-a-product-category\" >Add a product category<\/a><\/li><li class='ez-toc-page-1 ez-toc-heading-level-2'><a class=\"ez-toc-link ez-toc-heading-8\" href=\"https:\/\/desoter.it\/it\/waretor\/waretor-user-guide\/#Add-a-product\" >Add a product<\/a><\/li><li class='ez-toc-page-1 ez-toc-heading-level-2'><a class=\"ez-toc-link ez-toc-heading-9\" href=\"https:\/\/desoter.it\/it\/waretor\/waretor-user-guide\/#Add-a-sell\" >Add a sell<\/a><\/li><li class='ez-toc-page-1 ez-toc-heading-level-2'><a class=\"ez-toc-link ez-toc-heading-10\" href=\"https:\/\/desoter.it\/it\/waretor\/waretor-user-guide\/#Add-a-stock\" >Add a stock<\/a><\/li><li class='ez-toc-page-1 ez-toc-heading-level-2'><a class=\"ez-toc-link ez-toc-heading-11\" href=\"https:\/\/desoter.it\/it\/waretor\/waretor-user-guide\/#Settings\" >Settings<\/a><ul class='ez-toc-list-level-3' ><li class='ez-toc-heading-level-3'><a class=\"ez-toc-link ez-toc-heading-12\" href=\"https:\/\/desoter.it\/it\/waretor\/waretor-user-guide\/#Appearance\" >Appearance<\/a><\/li><li class='ez-toc-page-1 ez-toc-heading-level-3'><a class=\"ez-toc-link ez-toc-heading-13\" href=\"https:\/\/desoter.it\/it\/waretor\/waretor-user-guide\/#Functionality\" >Functionality<\/a><\/li><li class='ez-toc-page-1 ez-toc-heading-level-3'><a class=\"ez-toc-link ez-toc-heading-14\" href=\"https:\/\/desoter.it\/it\/waretor\/waretor-user-guide\/#Account\" >Account<\/a><ul class='ez-toc-list-level-4' ><li class='ez-toc-heading-level-4'><a class=\"ez-toc-link ez-toc-heading-15\" href=\"https:\/\/desoter.it\/it\/waretor\/waretor-user-guide\/#Delete-your-account\" >Cancella il tuo account<\/a><\/li><\/ul><\/li><\/ul><\/li><li class='ez-toc-page-1 ez-toc-heading-level-2'><a class=\"ez-toc-link ez-toc-heading-16\" href=\"https:\/\/desoter.it\/it\/waretor\/waretor-user-guide\/#Change-company\" >Change company<\/a><\/li><li class='ez-toc-page-1 ez-toc-heading-level-2'><a class=\"ez-toc-link ez-toc-heading-17\" href=\"https:\/\/desoter.it\/it\/waretor\/waretor-user-guide\/#Logout\" >Logout<\/a><\/li><\/ul><\/nav><\/div>\n<h2 class=\"wp-block-heading\" id=\"app-overview\"><span class=\"ez-toc-section\" id=\"App-overview\"><\/span>App overview<span class=\"ez-toc-section-end\"><\/span><\/h2>\n\n\n\n<h2 class=\"wp-block-heading\" id=\"create-an-account\"><span class=\"ez-toc-section\" id=\"Create-an-account\"><\/span>Create an account<span class=\"ez-toc-section-end\"><\/span><\/h2>\n\n\n\n<h2 class=\"wp-block-heading\" id=\"create-your-company\"><span class=\"ez-toc-section\" id=\"Create-your-company\"><\/span>Create your company<span class=\"ez-toc-section-end\"><\/span><\/h2>\n\n\n\n<h2 class=\"wp-block-heading\" id=\"manage-your-company\"><span class=\"ez-toc-section\" id=\"Manage-your-company\"><\/span>Manage your company<span class=\"ez-toc-section-end\"><\/span><\/h2>\n\n\n\n<h2 class=\"wp-block-heading\" id=\"retrieve-info-for-collaborators-registration\"><span class=\"ez-toc-section\" id=\"Retrieve-info-for-collaborators-registration\"><\/span>Retrieve info for collaborators registration<span class=\"ez-toc-section-end\"><\/span><\/h2>\n\n\n\n<h2 class=\"wp-block-heading\" id=\"register-to-a-company\"><span class=\"ez-toc-section\" id=\"Register-to-a-company\"><\/span>Register to a company<span class=\"ez-toc-section-end\"><\/span><\/h2>\n\n\n\n<h2 class=\"wp-block-heading\" id=\"add-a-product-category\"><span class=\"ez-toc-section\" id=\"Add-a-product-category\"><\/span>Add a product category<span class=\"ez-toc-section-end\"><\/span><\/h2>\n\n\n\n<h2 class=\"wp-block-heading\" id=\"add-a-product\"><span class=\"ez-toc-section\" id=\"Add-a-product\"><\/span>Add a product<span class=\"ez-toc-section-end\"><\/span><\/h2>\n\n\n\n<h2 class=\"wp-block-heading\" id=\"add-a-sell\"><span class=\"ez-toc-section\" id=\"Add-a-sell\"><\/span>Add a sell<span class=\"ez-toc-section-end\"><\/span><\/h2>\n\n\n\n<h2 class=\"wp-block-heading\" id=\"add-a-stock\"><span class=\"ez-toc-section\" id=\"Add-a-stock\"><\/span>Add a stock<span class=\"ez-toc-section-end\"><\/span><\/h2>\n\n\n\n<h2 class=\"wp-block-heading\" id=\"settings\"><span class=\"ez-toc-section\" id=\"Settings\"><\/span>Settings<span class=\"ez-toc-section-end\"><\/span><\/h2>\n\n\n\n<h3 class=\"wp-block-heading\"><span class=\"ez-toc-section\" id=\"Appearance\"><\/span>Appearance<span class=\"ez-toc-section-end\"><\/span><\/h3>\n\n\n\n<h3 class=\"wp-block-heading\"><span class=\"ez-toc-section\" id=\"Functionality\"><\/span>Functionality<span class=\"ez-toc-section-end\"><\/span><\/h3>\n\n\n\n<h3 class=\"wp-block-heading\"><span class=\"ez-toc-section\" id=\"Account\"><\/span>Account<span class=\"ez-toc-section-end\"><\/span><\/h3>\n\n\n\n<h4 class=\"wp-block-heading\" id=\"delete-your-account\"><span class=\"ez-toc-section\" id=\"Delete-your-account\"><\/span>Cancella il tuo account<span class=\"ez-toc-section-end\"><\/span><\/h4>\n\n\n\n<p>L'utente pu\u00f2 cancellare l'account creato all'interno dell'app seguendo questi passaggi:<\/p>\n\n\n\n<ul class=\"wp-block-list\">\n<li>aprire l'app e accedere se non gi\u00e0 fatto<\/li>\n\n\n\n<li>aprire il menu a hamburger in alto a sinistra<\/li>\n\n\n\n<li>selezionare Impostazioni<\/li>\n\n\n\n<li>selezionare Account<\/li>\n\n\n\n<li>in fondo alla pagina, selezionare Elimina account<\/li>\n\n\n\n<li>un popup chieder\u00e0 conferma dell'azione<\/li>\n\n\n\n<li>un altro popup identico chieder\u00e0 di nuovo conferma<\/li>\n\n\n\n<li>una volta confermato, il processo inizier\u00e0 e verr\u00e0 inviata una notifica all'indirizzo email dell'utente al termine. Sar\u00e0 l'ultima comunicazione possibile. L'app potrebbe forzare la disconnessione dell'utente dopo la cancellazione dell'account<\/li>\n<\/ul>\n\n\n\n<p>Se sorgono problemi o l'utente non riesce a completare la procedura, \u00e8 possibile inviare un'email a\u00a0<mark style=\"background-color:rgba(0, 0, 0, 0)\" class=\"has-inline-color has-contrast-2-color\">desoter@desoter.it<\/mark>\u00a0per chiarimenti e assistenza.<\/p>\n\n\n\n<p><strong>Si prega di notare che eventuali dati facenti parte del backup standard che eseguiamo per la nostra infrastruttura potrebbero essere conservati nei nostri sistemi per un periodo di tempo aggiuntivo dopo la cancellazione dell'account, ma non oltre 90 giorni.<\/strong><\/p>\n\n\n\n<h2 class=\"wp-block-heading\" id=\"change-company\"><span class=\"ez-toc-section\" id=\"Change-company\"><\/span>Change company<span class=\"ez-toc-section-end\"><\/span><\/h2>\n\n\n\n<h2 class=\"wp-block-heading\" id=\"logout\"><span class=\"ez-toc-section\" id=\"Logout\"><\/span>Logout<span class=\"ez-toc-section-end\"><\/span><\/h2>","protected":false},"excerpt":{"rendered":"<p>App overview Create an account Create your company Manage your company Retrieve info for collaborators registration Register to a company Add a product category Add a product Add a sell Add a stock Settings Appearance Functionality Account Delete your account The user can delete the account created inside the app following these steps: If any [&hellip;]<\/p>\n","protected":false},"author":1,"featured_media":0,"parent":51,"menu_order":0,"comment_status":"closed","ping_status":"closed","template":"","meta":{"footnotes":""},"class_list":["post-75","page","type-page","status-publish","hentry"],"_links":{"self":[{"href":"https:\/\/desoter.it\/it\/wp-json\/wp\/v2\/pages\/75","targetHints":{"allow":["GET"]}}],"collection":[{"href":"https:\/\/desoter.it\/it\/wp-json\/wp\/v2\/pages"}],"about":[{"href":"https:\/\/desoter.it\/it\/wp-json\/wp\/v2\/types\/page"}],"author":[{"embeddable":true,"href":"https:\/\/desoter.it\/it\/wp-json\/wp\/v2\/users\/1"}],"replies":[{"embeddable":true,"href":"https:\/\/desoter.it\/it\/wp-json\/wp\/v2\/comments?post=75"}],"version-history":[{"count":9,"href":"https:\/\/desoter.it\/it\/wp-json\/wp\/v2\/pages\/75\/revisions"}],"predecessor-version":[{"id":240,"href":"https:\/\/desoter.it\/it\/wp-json\/wp\/v2\/pages\/75\/revisions\/240"}],"up":[{"embeddable":true,"href":"https:\/\/desoter.it\/it\/wp-json\/wp\/v2\/pages\/51"}],"wp:attachment":[{"href":"https:\/\/desoter.it\/it\/wp-json\/wp\/v2\/media?parent=75"}],"curies":[{"name":"wp","href":"https:\/\/api.w.org\/{rel}","templated":true}]}}